{"id":73,"date":"2024-11-22T13:23:24","date_gmt":"2024-11-22T13:23:24","guid":{"rendered":"https:\/\/mallarach-bedrock.volcanicvalley.com\/?page_id=73"},"modified":"2024-11-25T11:02:59","modified_gmt":"2024-11-25T11:02:59","slug":"aviso-legal","status":"publish","type":"page","link":"https:\/\/mallarach.net\/es\/aviso-legal\/","title":{"rendered":"Aviso Legal"},"content":{"rendered":"<style>.kb-row-layout-id73_811a81-0c16 > .kt-row-column-wrap{align-content:start;}:where(.kb-row-layout-id73_811a81-0c16 > .kt-row-column-wrap) > .wp-block-kadence-column{justify-content:start;}.kb-row-layout-id73_811a81-0c16 > .kt-row-column-wrap{column-gap:32px;row-gap:32px;max-width:1256px;margin-left:auto;margin-right:auto;padding-top:64px;padding-right:20px;padding-bottom:64px;padding-left:20px;grid-template-columns:minmax(0, 1fr);}.kb-row-layout-id73_811a81-0c16 > .kt-row-layout-overlay{opacity:0.30;}@media all and (max-width: 1024px){.kb-row-layout-id73_811a81-0c16 > .kt-row-column-wrap{grid-template-columns:minmax(0, 1fr);}}@media all and (max-width: 767px){.kb-row-layout-id73_811a81-0c16 > .kt-row-column-wrap{padding-top:32px;padding-bottom:32px;grid-template-columns:minmax(0, 1fr);}}<\/style><div class=\"kb-row-layout-wrap kb-row-layout-id73_811a81-0c16 alignnone wp-block-kadence-rowlayout\"><div class=\"kt-row-column-wrap kt-has-1-columns kt-row-layout-equal kt-tab-layout-inherit kt-mobile-layout-row kt-row-valign-top\">\n<style>.kadence-column73_25c62b-d515 > .kt-inside-inner-col,.kadence-column73_25c62b-d515 > .kt-inside-inner-col:before{border-top-left-radius:0px;border-top-right-radius:0px;border-bottom-right-radius:0px;border-bottom-left-radius:0px;}.kadence-column73_25c62b-d515 > .kt-inside-inner-col{column-gap:var(--global-kb-gap-sm, 1rem);}.kadence-column73_25c62b-d515 > .kt-inside-inner-col{flex-direction:column;}.kadence-column73_25c62b-d515 > .kt-inside-inner-col > .aligncenter{width:100%;}.kadence-column73_25c62b-d515 > .kt-inside-inner-col:before{opacity:0.3;}.kadence-column73_25c62b-d515{position:relative;}@media all and (max-width: 1024px){.kadence-column73_25c62b-d515 > .kt-inside-inner-col{flex-direction:column;}}@media all and (max-width: 767px){.kadence-column73_25c62b-d515 > .kt-inside-inner-col{flex-direction:column;}}<\/style>\n<div class=\"wp-block-kadence-column kadence-column73_25c62b-d515\"><div class=\"kt-inside-inner-col\"><style>.wp-block-kadence-advancedheading.kt-adv-heading73_c58217-8f11, .wp-block-kadence-advancedheading.kt-adv-heading73_c58217-8f11[data-kb-block=\"kb-adv-heading73_c58217-8f11\"]{font-style:normal;}.wp-block-kadence-advancedheading.kt-adv-heading73_c58217-8f11 mark.kt-highlight, .wp-block-kadence-advancedheading.kt-adv-heading73_c58217-8f11[data-kb-block=\"kb-adv-heading73_c58217-8f11\"] mark.kt-highlight{font-style:normal;color:#f76a0c;-webkit-box-decoration-break:clone;box-decoration-break:clone;padding-top:0px;padding-right:0px;padding-bottom:0px;padding-left:0px;}<\/style>\n<h1 class=\"kt-adv-heading73_c58217-8f11 wp-block-kadence-advancedheading\" data-kb-block=\"kb-adv-heading73_c58217-8f11\">Aviso legal<\/h1>\n\n\n\n<p>Jordi Mallarach S.A.&nbsp;en su condici\u00f3n de titular y responsable del sitio web, en cumplimiento con lo establecido en el art\u00edculo 10 de la Ley 34\/2002, de 11 de julio, de Servicios de la Sociedad de la Informaci\u00f3n y de Comercio Electr\u00f3nico, pone a disposici\u00f3n de los usuarios la siguiente informaci\u00f3n de car\u00e1cter general:<\/p>\n\n\n\n<p>Jordi Mallarach S.A. est\u00e1 domiciliada en: c\/ Germans Garganta, 10. -17800- Olot (Girona).&nbsp;Inscrita en el Registro Mercantil d'Olot, al Tomo 588, Folio 218, Hoja GI-5584, Inscripci\u00f3n con el CIF A-17094855.<\/p>\n\n\n\n<p>Para cualquier consulta o reclamaci\u00f3n relativa a estas p\u00e1ginas. o a la informaci\u00f3n o a los productos y servicios, los usuarios pueden dirigirse a la siguiente direcci\u00f3n:<\/p>\n\n\n\n<ul class=\"wp-block-list\">\n<li>JORDI MALLARACH S.A.<\/li>\n\n\n\n<li>c\/ Germans Garganta, 10. - 17800 - Olot (Girona)<\/li>\n\n\n\n<li>972 27 41 82<\/li>\n\n\n\n<li><a href=\"mailto:info@mallarach.net\">info@mallarach.net<\/a><\/li>\n<\/ul>\n\n\n<style>.wp-block-kadence-advancedheading.kt-adv-heading73_f2d3b5-5619, .wp-block-kadence-advancedheading.kt-adv-heading73_f2d3b5-5619[data-kb-block=\"kb-adv-heading73_f2d3b5-5619\"]{font-style:normal;}.wp-block-kadence-advancedheading.kt-adv-heading73_f2d3b5-5619 mark.kt-highlight, .wp-block-kadence-advancedheading.kt-adv-heading73_f2d3b5-5619[data-kb-block=\"kb-adv-heading73_f2d3b5-5619\"] mark.kt-highlight{font-style:normal;color:#f76a0c;-webkit-box-decoration-break:clone;box-decoration-break:clone;padding-top:0px;padding-right:0px;padding-bottom:0px;padding-left:0px;}<\/style>\n<h2 class=\"kt-adv-heading73_f2d3b5-5619 wp-block-kadence-advancedheading\" data-kb-block=\"kb-adv-heading73_f2d3b5-5619\">Protecci\u00f3n de datos<\/h2>\n\n\n\n<p>Seg\u00fan la Ley 15\/1999, de 13 de diciembre, de Protecci\u00f3n de Datos de Car\u00e1cter Personal, se informa al usuario que los datos personales facilitados a trav\u00e9s del presente sitio web ser\u00e1n tratados conforme a la Ley 15\/1999 y normativa de desarrollo. Los datos facilitados pasar\u00e1n a formar parte de un fichero el responsable del cual es Jordi Mallarach S.A.&nbsp;cuyo tratamiento tiene como finalidad atender las solicitudes de informaci\u00f3n y cualquier otra cuesti\u00f3n que se plantee, as\u00ed como gestionar las comunicaciones de la empresa y el env\u00edo de informaci\u00f3n.<\/p>\n\n\n\n<p>Con el uso del formulario de contacto o el env\u00edo de correo electr\u00f3nico, el usuario consiente y acepta de forma expresa el tratamiento de los datos en la forma indicada, as\u00ed como el env\u00edo posterior de informaci\u00f3n comercial de inter\u00e9s sobre nuestros productos y servicios.<\/p>\n\n\n\n<p>El usuario podr\u00e1 ejercer los derechos de acceso, rectificaci\u00f3n, oposici\u00f3n y cancelaci\u00f3n dirigi\u00e9ndose por escrito a la Direcci\u00f3n de Jordi Mallarach S.A.&nbsp;en : c\/ Germans Garganta 10. -17800- Olot (Girona)&nbsp;o por correo electr\u00f3nico a info@mallarach.net adjuntando en cualquier caso fotocopia de su DNI.<\/p>\n\n\n<style>.wp-block-kadence-advancedheading.kt-adv-heading73_b070c8-fd21, .wp-block-kadence-advancedheading.kt-adv-heading73_b070c8-fd21[data-kb-block=\"kb-adv-heading73_b070c8-fd21\"]{font-style:normal;}.wp-block-kadence-advancedheading.kt-adv-heading73_b070c8-fd21 mark.kt-highlight, .wp-block-kadence-advancedheading.kt-adv-heading73_b070c8-fd21[data-kb-block=\"kb-adv-heading73_b070c8-fd21\"] mark.kt-highlight{font-style:normal;color:#f76a0c;-webkit-box-decoration-break:clone;box-decoration-break:clone;padding-top:0px;padding-right:0px;padding-bottom:0px;padding-left:0px;}<\/style>\n<h2 class=\"kt-adv-heading73_b070c8-fd21 wp-block-kadence-advancedheading\" data-kb-block=\"kb-adv-heading73_b070c8-fd21\">Consentimiento comunicaciones comerciales<\/h2>\n\n\n\n<p>Doy mi consentimiento expreso para recibir comunicaciones comerciales posteriores de Jordi Mallarach S.A.&nbsp;por correo electr\u00f3nico, SMS y otros medios de comunicaci\u00f3n ofim\u00e1ticos, tal como establece la Ley LSSI \/ CE 34\/2002.<\/p>\n\n\n\n<p>Si quiere dejar de recibir publicidad o informaciones comerciales puede solicitar la baja mandando un correo electr\u00f3nico a la direcci\u00f3n <a href=\"mailto:info@mallarach.net\">info@mallarach.net<\/a>,\u00a0indicando la palabra BAJA.<\/p>\n<\/div><\/div>\n\n<\/div><\/div>","protected":false},"excerpt":{"rendered":"<p>Aviso legal Jordi Mallarach S.A.&nbsp;en su condici\u00f3n de...<\/p>\n","protected":false},"author":2,"featured_media":0,"parent":0,"menu_order":0,"comment_status":"closed","ping_status":"closed","template":"","meta":{"_acf_changed":false,"footnotes":""},"class_list":["post-73","page","type-page","status-publish","hentry"],"acf":[],"yoast_head":"<!-- This site is optimized with the Yoast SEO plugin v24.4 - https:\/\/yoast.com\/wordpress\/plugins\/seo\/ -->\n<title>Aviso Legal - Mallarach<\/title>\n<meta name=\"robots\" content=\"index, follow, max-snippet:-1, max-image-preview:large, max-video-preview:-1\" \/>\n<link rel=\"canonical\" href=\"https:\/\/mallarach.net\/es\/aviso-legal\/\" \/>\n<meta property=\"og:locale\" content=\"es_ES\" \/>\n<meta property=\"og:type\" content=\"article\" \/>\n<meta property=\"og:title\" content=\"Aviso Legal - Mallarach\" \/>\n<meta property=\"og:description\" content=\"Aviso legal Jordi Mallarach S.A.&nbsp;en su condici\u00f3n de...\" \/>\n<meta property=\"og:url\" content=\"https:\/\/mallarach.net\/es\/aviso-legal\/\" \/>\n<meta property=\"og:site_name\" content=\"Mallarach\" \/>\n<meta property=\"article:modified_time\" content=\"2024-11-25T11:02:59+00:00\" \/>\n<meta name=\"twitter:card\" content=\"summary_large_image\" \/>\n<meta name=\"twitter:label1\" content=\"Tiempo de lectura\" \/>\n\t<meta name=\"twitter:data1\" content=\"2 minutos\" \/>\n<script type=\"application\/ld+json\" class=\"yoast-schema-graph\">{\"@context\":\"https:\/\/schema.org\",\"@graph\":[{\"@type\":\"WebPage\",\"@id\":\"https:\/\/mallarach.net\/es\/aviso-legal\/\",\"url\":\"https:\/\/mallarach.net\/es\/aviso-legal\/\",\"name\":\"Aviso Legal - Mallarach\",\"isPartOf\":{\"@id\":\"https:\/\/mallarach.net\/es\/#website\"},\"datePublished\":\"2024-11-22T13:23:24+00:00\",\"dateModified\":\"2024-11-25T11:02:59+00:00\",\"breadcrumb\":{\"@id\":\"https:\/\/mallarach.net\/es\/aviso-legal\/#breadcrumb\"},\"inLanguage\":\"es\",\"potentialAction\":[{\"@type\":\"ReadAction\",\"target\":[\"https:\/\/mallarach.net\/es\/aviso-legal\/\"]}]},{\"@type\":\"BreadcrumbList\",\"@id\":\"https:\/\/mallarach.net\/es\/aviso-legal\/#breadcrumb\",\"itemListElement\":[{\"@type\":\"ListItem\",\"position\":1,\"name\":\"Home\",\"item\":\"https:\/\/mallarach.net\/es\/\"},{\"@type\":\"ListItem\",\"position\":2,\"name\":\"Aviso Legal\"}]},{\"@type\":\"WebSite\",\"@id\":\"https:\/\/mallarach.net\/es\/#website\",\"url\":\"https:\/\/mallarach.net\/es\/\",\"name\":\"Mallarach\",\"description\":\"Especialistas de la madera desde 1960\",\"potentialAction\":[{\"@type\":\"SearchAction\",\"target\":{\"@type\":\"EntryPoint\",\"urlTemplate\":\"https:\/\/mallarach.net\/es\/?s={search_term_string}\"},\"query-input\":{\"@type\":\"PropertyValueSpecification\",\"valueRequired\":true,\"valueName\":\"search_term_string\"}}],\"inLanguage\":\"es\"}]}<\/script>\n<!-- \/ Yoast SEO plugin. -->","yoast_head_json":{"title":"Aviso Legal - Mallarach","robots":{"index":"index","follow":"follow","max-snippet":"max-snippet:-1","max-image-preview":"max-image-preview:large","max-video-preview":"max-video-preview:-1"},"canonical":"https:\/\/mallarach.net\/es\/aviso-legal\/","og_locale":"es_ES","og_type":"article","og_title":"Aviso Legal - Mallarach","og_description":"Aviso legal Jordi Mallarach S.A.&nbsp;en su condici\u00f3n de...","og_url":"https:\/\/mallarach.net\/es\/aviso-legal\/","og_site_name":"Mallarach","article_modified_time":"2024-11-25T11:02:59+00:00","twitter_card":"summary_large_image","twitter_misc":{"Tiempo de lectura":"2 minutos"},"schema":{"@context":"https:\/\/schema.org","@graph":[{"@type":"WebPage","@id":"https:\/\/mallarach.net\/es\/aviso-legal\/","url":"https:\/\/mallarach.net\/es\/aviso-legal\/","name":"Aviso Legal - Mallarach","isPartOf":{"@id":"https:\/\/mallarach.net\/es\/#website"},"datePublished":"2024-11-22T13:23:24+00:00","dateModified":"2024-11-25T11:02:59+00:00","breadcrumb":{"@id":"https:\/\/mallarach.net\/es\/aviso-legal\/#breadcrumb"},"inLanguage":"es","potentialAction":[{"@type":"ReadAction","target":["https:\/\/mallarach.net\/es\/aviso-legal\/"]}]},{"@type":"BreadcrumbList","@id":"https:\/\/mallarach.net\/es\/aviso-legal\/#breadcrumb","itemListElement":[{"@type":"ListItem","position":1,"name":"Home","item":"https:\/\/mallarach.net\/es\/"},{"@type":"ListItem","position":2,"name":"Aviso Legal"}]},{"@type":"WebSite","@id":"https:\/\/mallarach.net\/es\/#website","url":"https:\/\/mallarach.net\/es\/","name":"Mallarach","description":"Especialistas de la madera desde 1960","potentialAction":[{"@type":"SearchAction","target":{"@type":"EntryPoint","urlTemplate":"https:\/\/mallarach.net\/es\/?s={search_term_string}"},"query-input":{"@type":"PropertyValueSpecification","valueRequired":true,"valueName":"search_term_string"}}],"inLanguage":"es"}]}},"_links":{"self":[{"href":"https:\/\/mallarach.net\/es\/wp-json\/wp\/v2\/pages\/73","targetHints":{"allow":["GET"]}}],"collection":[{"href":"https:\/\/mallarach.net\/es\/wp-json\/wp\/v2\/pages"}],"about":[{"href":"https:\/\/mallarach.net\/es\/wp-json\/wp\/v2\/types\/page"}],"author":[{"embeddable":true,"href":"https:\/\/mallarach.net\/es\/wp-json\/wp\/v2\/users\/2"}],"replies":[{"embeddable":true,"href":"https:\/\/mallarach.net\/es\/wp-json\/wp\/v2\/comments?post=73"}],"version-history":[{"count":5,"href":"https:\/\/mallarach.net\/es\/wp-json\/wp\/v2\/pages\/73\/revisions"}],"predecessor-version":[{"id":324,"href":"https:\/\/mallarach.net\/es\/wp-json\/wp\/v2\/pages\/73\/revisions\/324"}],"wp:attachment":[{"href":"https:\/\/mallarach.net\/es\/wp-json\/wp\/v2\/media?parent=73"}],"curies":[{"name":"wp","href":"https:\/\/api.w.org\/{rel}","templated":true}]}}