{"id":61,"date":"2024-11-22T13:21:46","date_gmt":"2024-11-22T13:21:46","guid":{"rendered":"https:\/\/mallarach-bedrock.volcanicvalley.com\/?page_id=61"},"modified":"2024-11-25T10:54:08","modified_gmt":"2024-11-25T10:54:08","slug":"condiciones-de-uso","status":"publish","type":"page","link":"https:\/\/mallarach.net\/es\/condiciones-de-uso\/","title":{"rendered":"Condiciones de uso"},"content":{"rendered":"<style>.kb-row-layout-id61_51f143-e826 > .kt-row-column-wrap{align-content:start;}:where(.kb-row-layout-id61_51f143-e826 > .kt-row-column-wrap) > .wp-block-kadence-column{justify-content:start;}.kb-row-layout-id61_51f143-e826 > .kt-row-column-wrap{column-gap:32px;row-gap:32px;max-width:1256px;margin-left:auto;margin-right:auto;padding-top:64px;padding-right:20px;padding-bottom:64px;padding-left:20px;grid-template-columns:minmax(0, 1fr);}.kb-row-layout-id61_51f143-e826 > .kt-row-layout-overlay{opacity:0.30;}@media all and (max-width: 1024px){.kb-row-layout-id61_51f143-e826 > .kt-row-column-wrap{grid-template-columns:minmax(0, 1fr);}}@media all and (max-width: 767px){.kb-row-layout-id61_51f143-e826 > .kt-row-column-wrap{padding-top:32px;padding-bottom:32px;grid-template-columns:minmax(0, 1fr);}}<\/style><div class=\"kb-row-layout-wrap kb-row-layout-id61_51f143-e826 alignnone wp-block-kadence-rowlayout\"><div class=\"kt-row-column-wrap kt-has-1-columns kt-row-layout-equal kt-tab-layout-inherit kt-mobile-layout-row kt-row-valign-top\">\n<style>.kadence-column61_67669e-2b31 > .kt-inside-inner-col,.kadence-column61_67669e-2b31 > .kt-inside-inner-col:before{border-top-left-radius:0px;border-top-right-radius:0px;border-bottom-right-radius:0px;border-bottom-left-radius:0px;}.kadence-column61_67669e-2b31 > .kt-inside-inner-col{column-gap:var(--global-kb-gap-sm, 1rem);}.kadence-column61_67669e-2b31 > .kt-inside-inner-col{flex-direction:column;}.kadence-column61_67669e-2b31 > .kt-inside-inner-col > .aligncenter{width:100%;}.kadence-column61_67669e-2b31 > .kt-inside-inner-col:before{opacity:0.3;}.kadence-column61_67669e-2b31{position:relative;}@media all and (max-width: 1024px){.kadence-column61_67669e-2b31 > .kt-inside-inner-col{flex-direction:column;}}@media all and (max-width: 767px){.kadence-column61_67669e-2b31 > .kt-inside-inner-col{flex-direction:column;}}<\/style>\n<div class=\"wp-block-kadence-column kadence-column61_67669e-2b31\"><div class=\"kt-inside-inner-col\"><style>.wp-block-kadence-advancedheading.kt-adv-heading61_218f2c-17, .wp-block-kadence-advancedheading.kt-adv-heading61_218f2c-17[data-kb-block=\"kb-adv-heading61_218f2c-17\"]{font-style:normal;}.wp-block-kadence-advancedheading.kt-adv-heading61_218f2c-17 mark.kt-highlight, .wp-block-kadence-advancedheading.kt-adv-heading61_218f2c-17[data-kb-block=\"kb-adv-heading61_218f2c-17\"] mark.kt-highlight{font-style:normal;color:#f76a0c;-webkit-box-decoration-break:clone;box-decoration-break:clone;padding-top:0px;padding-right:0px;padding-bottom:0px;padding-left:0px;}<\/style>\n<h1 class=\"kt-adv-heading61_218f2c-17 wp-block-kadence-advancedheading\" data-kb-block=\"kb-adv-heading61_218f2c-17\">Condiciones de uso<\/h1>\n\n\n\n<p>La utilizaci\u00f3n de esta publicaci\u00f3n digital implica la aceptaci\u00f3n de las siguientes condiciones de uso:<\/p>\n\n\n\n<p>La publicaci\u00f3n digital de LA EMPRESA tiene como objetivo facilitar a nuestros clientes y al p\u00fablico en general, la informaci\u00f3n relativa a la empresa y a los productos y servicios que se ofrecen.<\/p>\n\n\n\n<p>LA EMPRESA no se compromete a la actualizaci\u00f3n inmediata de la informaci\u00f3n contenida en la publicaci\u00f3n digital.<\/p>\n\n\n\n<p>LA EMPRESA no asume ninguna responsabilidad derivada de los contenidos que tengan terceras partes en los enlaces o v\u00ednculos a los cuales se hace referencia en estas p\u00e1ginas.<\/p>\n\n\n\n<p>LA EMPRESA no se responsabiliza de cualquier da\u00f1o o perjuicio en el software o hardware de el usuario, derivado del acceso a su publicaci\u00f3n digital o del uso de la informaci\u00f3n o aplicaciones que contenga.<\/p>\n\n\n\n<p>LA EMPRESA es titular de todos los derechos sobre el software de la publicaci\u00f3n digital as\u00ed como de los derechos de propiedad industrial e intelectual referidos a los contenidos que se incluyan, a excepci\u00f3n de los derechos sobre productos y servicios de car\u00e1cter p\u00fablico que no son propiedad de esta empresa, las marcas de los cuales est\u00e1n registradas a favor de sus respectivos titulares, y como tales son reconocidas por LA EMPRESA . Ningun material de esta publicaci\u00f3n digital podr\u00e1 ser reproducido, copiado o publicado sin el consentimiento por escrito de LA EMPRESA<\/p>\n\n\n\n<p>LA EMPRESA respetar\u00e1 escrupulosamente la confidencialidad de los datos de car\u00e1cter personal aportados por los usuarios de la publicaci\u00f3n digital, mediante el cumplimiento de la normativa vigente sobre protecci\u00f3n de datos, y entre otras, de aquello que dispone la Ley Org\u00e1nica 15\/1999, de 13 de diciembre, de Protecci\u00f3n de Datos de Car\u00e1cter Personal.<\/p>\n\n\n\n<p>El correo electr\u00f3nico no se considerar\u00e1 como un medio v\u00e1lido a efectos de presentaci\u00f3n de reclamaciones. Por este fino har\u00e1 falta dirigirse al servicio\u2019d atenci\u00f3n al cliente de LA EMPRESA que indicar\u00e1 en cada caso los puntos a seguir.<\/p>\n\n\n\n<p>Toda la informaci\u00f3n que se reciba en estas p\u00e1ginas, como por ejemplo comentarios, suger\u00e9ncias o ideas, se considerar\u00e1 cedida a LA EMPRESA de manera gratuita. No debe enviarse informaci\u00f3n que NO pueda ser tratada de este modo.<\/p>\n\n\n\n<p>Todos los productos y servicios de estas p\u00e1ginas que NO son propiedad de LA EMPRESA son marcas registradas de sus respectivos propietarios y son reconocidas como tales por LA EMPRESA Aparecen en esta publicaci\u00f3n digital a efectos de promoci\u00f3n y de recopilaci\u00f3n de informaci\u00f3n. Estos propietarios pueden solicitar la modificaci\u00f3n o eliminaci\u00f3n de la informaci\u00f3n que les pertenece.<\/p>\n\n\n\n<p>Cualquier tipo de notificaci\u00f3n y\/o reclamaci\u00f3n solamente ser\u00e1 v\u00e1lida por notificaci\u00f3n escrita y\/o correo certificado.<\/p>\n<\/div><\/div>\n\n<\/div><\/div>","protected":false},"excerpt":{"rendered":"<p>Condiciones de uso La utilizaci\u00f3n de esta publicaci\u00f3n...<\/p>\n","protected":false},"author":2,"featured_media":0,"parent":0,"menu_order":0,"comment_status":"closed","ping_status":"closed","template":"","meta":{"_acf_changed":false,"footnotes":""},"class_list":["post-61","page","type-page","status-publish","hentry"],"acf":[],"yoast_head":"<!-- This site is optimized with the Yoast SEO plugin v24.4 - https:\/\/yoast.com\/wordpress\/plugins\/seo\/ -->\n<title>Condiciones de uso - Mallarach<\/title>\n<meta name=\"robots\" content=\"index, follow, max-snippet:-1, max-image-preview:large, max-video-preview:-1\" \/>\n<link rel=\"canonical\" href=\"https:\/\/mallarach.net\/es\/condiciones-de-uso\/\" \/>\n<meta property=\"og:locale\" content=\"es_ES\" \/>\n<meta property=\"og:type\" content=\"article\" \/>\n<meta property=\"og:title\" content=\"Condiciones de uso - Mallarach\" \/>\n<meta property=\"og:description\" content=\"Condiciones de uso La utilizaci\u00f3n de esta publicaci\u00f3n...\" \/>\n<meta property=\"og:url\" content=\"https:\/\/mallarach.net\/es\/condiciones-de-uso\/\" \/>\n<meta property=\"og:site_name\" content=\"Mallarach\" \/>\n<meta property=\"article:modified_time\" content=\"2024-11-25T10:54:08+00:00\" \/>\n<meta name=\"twitter:card\" content=\"summary_large_image\" \/>\n<meta name=\"twitter:label1\" content=\"Tiempo de lectura\" \/>\n\t<meta name=\"twitter:data1\" content=\"2 minutos\" \/>\n<script type=\"application\/ld+json\" class=\"yoast-schema-graph\">{\"@context\":\"https:\/\/schema.org\",\"@graph\":[{\"@type\":\"WebPage\",\"@id\":\"https:\/\/mallarach.net\/es\/condiciones-de-uso\/\",\"url\":\"https:\/\/mallarach.net\/es\/condiciones-de-uso\/\",\"name\":\"Condiciones de uso - Mallarach\",\"isPartOf\":{\"@id\":\"https:\/\/mallarach.net\/es\/#website\"},\"datePublished\":\"2024-11-22T13:21:46+00:00\",\"dateModified\":\"2024-11-25T10:54:08+00:00\",\"breadcrumb\":{\"@id\":\"https:\/\/mallarach.net\/es\/condiciones-de-uso\/#breadcrumb\"},\"inLanguage\":\"es\",\"potentialAction\":[{\"@type\":\"ReadAction\",\"target\":[\"https:\/\/mallarach.net\/es\/condiciones-de-uso\/\"]}]},{\"@type\":\"BreadcrumbList\",\"@id\":\"https:\/\/mallarach.net\/es\/condiciones-de-uso\/#breadcrumb\",\"itemListElement\":[{\"@type\":\"ListItem\",\"position\":1,\"name\":\"Home\",\"item\":\"https:\/\/mallarach.net\/es\/\"},{\"@type\":\"ListItem\",\"position\":2,\"name\":\"Condiciones de uso\"}]},{\"@type\":\"WebSite\",\"@id\":\"https:\/\/mallarach.net\/es\/#website\",\"url\":\"https:\/\/mallarach.net\/es\/\",\"name\":\"Mallarach\",\"description\":\"Especialistas de la madera desde 1960\",\"potentialAction\":[{\"@type\":\"SearchAction\",\"target\":{\"@type\":\"EntryPoint\",\"urlTemplate\":\"https:\/\/mallarach.net\/es\/?s={search_term_string}\"},\"query-input\":{\"@type\":\"PropertyValueSpecification\",\"valueRequired\":true,\"valueName\":\"search_term_string\"}}],\"inLanguage\":\"es\"}]}<\/script>\n<!-- \/ Yoast SEO plugin. -->","yoast_head_json":{"title":"Condiciones de uso - Mallarach","robots":{"index":"index","follow":"follow","max-snippet":"max-snippet:-1","max-image-preview":"max-image-preview:large","max-video-preview":"max-video-preview:-1"},"canonical":"https:\/\/mallarach.net\/es\/condiciones-de-uso\/","og_locale":"es_ES","og_type":"article","og_title":"Condiciones de uso - Mallarach","og_description":"Condiciones de uso La utilizaci\u00f3n de esta publicaci\u00f3n...","og_url":"https:\/\/mallarach.net\/es\/condiciones-de-uso\/","og_site_name":"Mallarach","article_modified_time":"2024-11-25T10:54:08+00:00","twitter_card":"summary_large_image","twitter_misc":{"Tiempo de lectura":"2 minutos"},"schema":{"@context":"https:\/\/schema.org","@graph":[{"@type":"WebPage","@id":"https:\/\/mallarach.net\/es\/condiciones-de-uso\/","url":"https:\/\/mallarach.net\/es\/condiciones-de-uso\/","name":"Condiciones de uso - Mallarach","isPartOf":{"@id":"https:\/\/mallarach.net\/es\/#website"},"datePublished":"2024-11-22T13:21:46+00:00","dateModified":"2024-11-25T10:54:08+00:00","breadcrumb":{"@id":"https:\/\/mallarach.net\/es\/condiciones-de-uso\/#breadcrumb"},"inLanguage":"es","potentialAction":[{"@type":"ReadAction","target":["https:\/\/mallarach.net\/es\/condiciones-de-uso\/"]}]},{"@type":"BreadcrumbList","@id":"https:\/\/mallarach.net\/es\/condiciones-de-uso\/#breadcrumb","itemListElement":[{"@type":"ListItem","position":1,"name":"Home","item":"https:\/\/mallarach.net\/es\/"},{"@type":"ListItem","position":2,"name":"Condiciones de uso"}]},{"@type":"WebSite","@id":"https:\/\/mallarach.net\/es\/#website","url":"https:\/\/mallarach.net\/es\/","name":"Mallarach","description":"Especialistas de la madera desde 1960","potentialAction":[{"@type":"SearchAction","target":{"@type":"EntryPoint","urlTemplate":"https:\/\/mallarach.net\/es\/?s={search_term_string}"},"query-input":{"@type":"PropertyValueSpecification","valueRequired":true,"valueName":"search_term_string"}}],"inLanguage":"es"}]}},"_links":{"self":[{"href":"https:\/\/mallarach.net\/es\/wp-json\/wp\/v2\/pages\/61","targetHints":{"allow":["GET"]}}],"collection":[{"href":"https:\/\/mallarach.net\/es\/wp-json\/wp\/v2\/pages"}],"about":[{"href":"https:\/\/mallarach.net\/es\/wp-json\/wp\/v2\/types\/page"}],"author":[{"embeddable":true,"href":"https:\/\/mallarach.net\/es\/wp-json\/wp\/v2\/users\/2"}],"replies":[{"embeddable":true,"href":"https:\/\/mallarach.net\/es\/wp-json\/wp\/v2\/comments?post=61"}],"version-history":[{"count":5,"href":"https:\/\/mallarach.net\/es\/wp-json\/wp\/v2\/pages\/61\/revisions"}],"predecessor-version":[{"id":316,"href":"https:\/\/mallarach.net\/es\/wp-json\/wp\/v2\/pages\/61\/revisions\/316"}],"wp:attachment":[{"href":"https:\/\/mallarach.net\/es\/wp-json\/wp\/v2\/media?parent=61"}],"curies":[{"name":"wp","href":"https:\/\/api.w.org\/{rel}","templated":true}]}}